{"id":2,"date":"2016-05-10T03:48:21","date_gmt":"2016-05-10T03:48:21","guid":{"rendered":"http:\/\/filderstadt-osteopathie.de\/?page_id=2"},"modified":"2023-02-08T12:38:22","modified_gmt":"2023-02-08T12:38:22","slug":"sample-page","status":"publish","type":"page","link":"https:\/\/filderstadt-osteopathie.de\/","title":{"rendered":"Willkommen bei der osteopathischen Praxis Plattenhardt"},"content":{"rendered":"\n<style type=\"text\/css\" data-created_by=\"avia_inline_auto\" id=\"style-css-av-kb0tacde-10cf36f67cc5d92a2f49bd7caedcba20\">\n.avia-section.av-kb0tacde-10cf36f67cc5d92a2f49bd7caedcba20{\nbackground-repeat:no-repeat;\nbackground-image:url(https:\/\/filderstadt-osteopathie.de\/wp-content\/uploads\/2023\/02\/Header-Dr-Kenntner.jpg);\nbackground-position:50% 50%;\nbackground-attachment:scroll;\n}\n<\/style>\n<div id='av_section_1'  class='avia-section av-kb0tacde-10cf36f67cc5d92a2f49bd7caedcba20 main_color avia-section-default avia-no-border-styling  avia-builder-el-0  el_before_av_section  avia-builder-el-first  av-mini-hide avia-full-stretch avia-bg-style-scroll av-minimum-height av-minimum-height-50  container_wrap fullsize'  data-section-bg-repeat='stretch' data-av_minimum_height_pc='50'><div class='container av-section-cont-open' ><main  role=\"main\" itemprop=\"mainContentOfPage\"  class='template-page content  av-content-full alpha units'><div class='post-entry post-entry-type-page post-entry-2'><div class='entry-content-wrapper clearfix'>\n\n<style type=\"text\/css\" data-created_by=\"avia_inline_auto\" id=\"style-css-av-kb0tdq1i-3271203cdac8babcd2ea9faf6a784072\">\n.flex_column.av-kb0tdq1i-3271203cdac8babcd2ea9faf6a784072{\n-webkit-border-radius:0px 0px 0px 0px;\n-moz-border-radius:0px 0px 0px 0px;\nborder-radius:0px 0px 0px 0px;\npadding:30px 30px 30px 30px;\n}\n<\/style>\n<div class='flex_column av-kb0tdq1i-3271203cdac8babcd2ea9faf6a784072 av_one_half  avia-builder-el-1  avia-builder-el-no-sibling  first flex_column_div '     ><style type=\"text\/css\" data-created_by=\"avia_inline_auto\" id=\"style-css-av-kb0td6l2-0c41f47b7bbedb6f1e27948e8fd0f88b\">\n#top .av_textblock_section.av-kb0td6l2-0c41f47b7bbedb6f1e27948e8fd0f88b .avia_textblock{\ncolor:#ffffff;\n}\n<\/style>\n<section  class='av_textblock_section av-kb0td6l2-0c41f47b7bbedb6f1e27948e8fd0f88b'  itemscope=\"itemscope\" itemtype=\"https:\/\/schema.org\/CreativeWork\" ><div class='avia_textblock av_inherit_color'  itemprop=\"text\" ><h1><\/h1>\n<h1 style=\"text-align: left;\">Willkommen in der<br \/>\nPraxis f\u00fcr Osteopathie<br \/>\nFilderstadt<\/h1>\n<h3><span style=\"font-weight: 400;\">Dr. Georg Kenntner<\/span><\/h3>\n<\/div><\/section><\/div>\n\n<\/div><\/div><\/main><!-- close content main element --><\/div><\/div>\n<style type=\"text\/css\" data-created_by=\"avia_inline_auto\" id=\"style-css-av-ldvm6d1t-19b9cb74a3cc98daa94e49905f32aed4\">\n.avia-section.av-ldvm6d1t-19b9cb74a3cc98daa94e49905f32aed4{\nbackground-repeat:no-repeat;\nbackground-image:url(https:\/\/filderstadt-osteopathie.de\/wp-content\/uploads\/2023\/02\/Background-Mobile.jpg);\nbackground-position:50% 50%;\nbackground-attachment:scroll;\n}\n#top .avia-section.av-ldvm6d1t-19b9cb74a3cc98daa94e49905f32aed4 .scroll-down-link{\ncolor:#ffffff;\n}\n<\/style>\n<div id='av_section_2'  class='avia-section av-ldvm6d1t-19b9cb74a3cc98daa94e49905f32aed4 main_color avia-section-default avia-no-border-styling  avia-builder-el-3  el_after_av_section  el_before_av_three_fourth  av-desktop-hide av-medium-hide av-small-hide avia-full-stretch avia-bg-style-scroll av-minimum-height av-minimum-height-100  container_wrap fullsize'  data-section-bg-repeat='stretch' data-av_minimum_height_pc='100'><div class=\"av-section-color-overlay-wrap\"><a href='#next-section' title='' class='scroll-down-link av-custom-scroll-down-color' aria-hidden='true' data-av_icon='\ue877' data-av_iconfont='entypo-fontello'><\/a><div class='container av-section-cont-open' ><div class='template-page content  av-content-full alpha units'><div class='post-entry post-entry-type-page post-entry-2'><div class='entry-content-wrapper clearfix'>\n\n<style type=\"text\/css\" data-created_by=\"avia_inline_auto\" id=\"style-css-av-2mqc-4816dcd9bc0f90a596bc01f8733fdfc6\">\n#top .av_textblock_section.av-2mqc-4816dcd9bc0f90a596bc01f8733fdfc6 .avia_textblock{\ncolor:#ffffff;\n}\n<\/style>\n<section  class='av_textblock_section av-2mqc-4816dcd9bc0f90a596bc01f8733fdfc6'  itemscope=\"itemscope\" itemtype=\"https:\/\/schema.org\/CreativeWork\" ><div class='avia_textblock av_inherit_color'  itemprop=\"text\" ><h1><\/h1>\n<h1 style=\"text-align: center;\">Willkommen in der<br \/>\nPraxis f\u00fcr Osteopathie<br \/>\nFilderstadt<\/h1>\n<h3 style=\"text-align: center;\"><span style=\"font-weight: 400;\">Dr. Georg Kenntner<\/span><\/h3>\n<\/div><\/section>\n<\/div><\/div><\/div><!-- close content main div --><\/div><\/div><\/div><div id='after_section_2'  class='main_color av_default_container_wrap container_wrap fullsize'  ><div class='container av-section-cont-open' ><div class='template-page content  av-content-full alpha units'><div class='post-entry post-entry-type-page post-entry-2'><div class='entry-content-wrapper clearfix'>\n\n<style type=\"text\/css\" data-created_by=\"avia_inline_auto\" id=\"style-css-av-3zok-5d4a5092585c8a93ed6895d02c6b6947\">\n.flex_column.av-3zok-5d4a5092585c8a93ed6895d02c6b6947{\n-webkit-border-radius:0px 0px 0px 0px;\n-moz-border-radius:0px 0px 0px 0px;\nborder-radius:0px 0px 0px 0px;\npadding:0px 0px 0px 0px;\n}\n<\/style>\n<div class='flex_column av-3zok-5d4a5092585c8a93ed6895d02c6b6947 av_three_fourth  avia-builder-el-5  el_after_av_section  el_before_av_one_fourth  avia-builder-el-first  first flex_column_div av-zero-column-padding '     ><section  class='av_textblock_section av-kb0t7l9q-134690c05f18e870a0cd04ea3d819dc5'  itemscope=\"itemscope\" itemtype=\"https:\/\/schema.org\/CreativeWork\" ><div class='avia_textblock'  itemprop=\"text\" ><p style=\"text-align: left;\"><strong><img decoding=\"async\" loading=\"lazy\" class=\"wp-image-60 size-thumbnail alignleft\" src=\"https:\/\/filderstadt-osteopathie.de\/wp-content\/uploads\/2023\/02\/Logo_GK_4c-80x80.jpg\" alt=\"\" width=\"80\" height=\"80\" srcset=\"https:\/\/filderstadt-osteopathie.de\/wp-content\/uploads\/2023\/02\/Logo_GK_4c-80x80.jpg 80w, https:\/\/filderstadt-osteopathie.de\/wp-content\/uploads\/2023\/02\/Logo_GK_4c-36x36.jpg 36w, https:\/\/filderstadt-osteopathie.de\/wp-content\/uploads\/2023\/02\/Logo_GK_4c.jpg 177w\" sizes=\"(max-width: 80px) 100vw, 80px\" \/><em>Osteopathische Behandlungen k\u00f6nnen bei einer Vielzahl von Beschwerden hilfreich sein. In den vielen Jahren meiner osteopathischen T\u00e4tigkeit habe ich ein Geriatrie-Diplom und ein S\u00e4uglings-Diplom erhalten.<\/em><\/strong><\/p>\n<p style=\"text-align: left;\">Osteopathische Medizin beinhaltet eine umfassende manuelle Diagnostik und Therapie im Bewegungssystem, den inneren Organen und am Nervensystem. Im Zentrum der Therapie steht nicht die Behandlung einer Krankheit an sich, sondern immer die individuelle Situation des Patienten. Die Osteopathische Medizin legt den Fokus auf die Selbstheilungskr\u00e4fte des Patienten: Jeder K\u00f6rper hat eine starke Kraft zur Gesundheit in sich. Der osteopathische Arzt regt diese Kr\u00e4fte an und f\u00f6rdert damit die Selbstheilung.<\/p>\n<p style=\"text-align: left;\"><strong>Falls Sie sich weiter informieren m\u00f6chten, empfehle ich Ihnen folgende Links:<\/strong><\/p>\n<ul>\n<li class=\"m_9161874734009050981MsoHeader\"><a href=\"https:\/\/www.dgom.info\/fuer-patienten\/was-ist-osteopathie.html\" target=\"_blank\" rel=\"noopener\" data-saferedirecturl=\"https:\/\/www.google.com\/url?q=https:\/\/www.dgom.info\/fuer-patienten\/was-ist-osteopathie.html&amp;source=gmail&amp;ust=1675765409436000&amp;usg=AOvVaw0BlF8MhY04rl8mSxfrv_SP\">Was ist osteopathische Medizin? (dgom.info)<\/a><u><\/u><u><\/u><\/li>\n<li class=\"m_9161874734009050981MsoHeader\"><u><\/u><a href=\"https:\/\/www.dgom.info\/fuer-patienten\/methoden-der-osteopathie.html\" target=\"_blank\" rel=\"noopener\" data-saferedirecturl=\"https:\/\/www.google.com\/url?q=https:\/\/www.dgom.info\/fuer-patienten\/methoden-der-osteopathie.html&amp;source=gmail&amp;ust=1675765409436000&amp;usg=AOvVaw1PSrTehglNyr9M9kgvtRpR\">Methoden der Osteopathie (dgom.info)<\/a><u><\/u><u><\/u><\/li>\n<li class=\"m_9161874734009050981MsoHeader\"><u><\/u><a href=\"https:\/\/www.dgom.info\/fuer-patienten.html\" target=\"_blank\" rel=\"noopener\" data-saferedirecturl=\"https:\/\/www.google.com\/url?q=https:\/\/www.dgom.info\/fuer-patienten.html&amp;source=gmail&amp;ust=1675765409436000&amp;usg=AOvVaw21SHT8xh5N1AXAbqHtpYoH\">F\u00fcr Patienten (dgom.info)<\/a><\/li>\n<\/ul>\n<\/div><\/section><\/div>\n<div class='flex_column av-31n0-ce28e699298198247915ebd637ded097 av_one_fourth  avia-builder-el-7  el_after_av_three_fourth  avia-builder-el-last  flex_column_div '     ><style type=\"text\/css\" data-created_by=\"avia_inline_auto\" id=\"style-css-av-ldvjy1uj-f66b7435c3575ad6778cfa80030033cb\">\n#top .av_textblock_section.av-ldvjy1uj-f66b7435c3575ad6778cfa80030033cb .avia_textblock{\nfont-size:17px;\n}\n<\/style>\n<section  class='av_textblock_section av-ldvjy1uj-f66b7435c3575ad6778cfa80030033cb'  itemscope=\"itemscope\" itemtype=\"https:\/\/schema.org\/CreativeWork\" ><div class='avia_textblock'  itemprop=\"text\" ><h2>Kontakt<\/h2>\n<p><strong>Dr. Georg Kenntner<\/strong><\/p>\n<p>Arzt f\u00fcr Allgemeinmedizin, Naturheilverfahren, Chirotherapie, Akupunktur<\/p>\n<p>Resonanzpraxis<br \/>\nSchulstra\u00dfe 22<br \/>\n70794 Filderstadt<\/p>\n<p>Telefon: <a href=\"tel:0711771442\">0711 771442<\/a><\/p>\n<p><strong>Bitte vereinbaren Sie einen Termin.<\/strong><\/p>\n<\/div><\/section><br \/>\n\n<style type=\"text\/css\" data-created_by=\"avia_inline_auto\" id=\"style-css-av-ldvmp97y-0951908110038cb850b88ded8f119626\">\n#top .hr.hr-invisible.av-ldvmp97y-0951908110038cb850b88ded8f119626{\nheight:10px;\n}\n<\/style>\n<div  class='hr av-ldvmp97y-0951908110038cb850b88ded8f119626 hr-invisible  avia-builder-el-9  el_after_av_textblock  el_before_av_button_big  avia-builder-el-last '><span class='hr-inner '><span class=\"hr-inner-style\"><\/span><\/span><\/div><br \/>\n<div  class='avia-button-wrap avia-button-center  avia-builder-el-10  el_after_av_hr  avia-builder-el-last '>\n<style type=\"text\/css\" data-created_by=\"avia_inline_auto\" id=\"style-css-av-ldvkpjr5-4a99eb60f10076e60741640cce7b0c32\">\n#top #wrap_all .avia-button.av-ldvkpjr5-4a99eb60f10076e60741640cce7b0c32{\nbackground-color:#602960;\nborder-color:#602960;\n-webkit-transition:all 0.4s ease-in-out;\n-moz-transition:all 0.4s ease-in-out;\n-ms-transition:all 0.4s ease-in-out;\n-o-transition:all 0.4s ease-in-out;\ntransition:all 0.4s ease-in-out;\nfont-size:17px;\n}\n#top #wrap_all .avia-button.av-ldvkpjr5-4a99eb60f10076e60741640cce7b0c32:hover{\nbackground-color:#e9c843;\ncolor:white;\n-webkit-transition:all 0.4s ease-in-out;\n-moz-transition:all 0.4s ease-in-out;\n-ms-transition:all 0.4s ease-in-out;\n-o-transition:all 0.4s ease-in-out;\ntransition:all 0.4s ease-in-out;\n}\n<\/style>\n<a href='https:\/\/www.doctolib.de\/allgemeinmedizin\/filderstadt\/karl-georg-kenntner' class='av-icon-on-hover avia-font-color-theme-color avia-button avia-button-fullwidth av-ldvkpjr5-4a99eb60f10076e60741640cce7b0c32 avia-icon_select-yes-left-icon avia-color-custom' target=\"_blank\" rel=\"noopener noreferrer\"><span class='avia_button_icon avia_button_icon_left' aria-hidden='true' data-av_icon='\ue85b' data-av_iconfont='entypo-fontello'><\/span><span class='avia_iconbox_title' >Termin buchen<\/span><\/a><\/div><\/p><\/div>\n","protected":false},"excerpt":{"rendered":"","protected":false},"author":1,"featured_media":0,"parent":0,"menu_order":0,"comment_status":"closed","ping_status":"open","template":"","meta":[],"_links":{"self":[{"href":"https:\/\/filderstadt-osteopathie.de\/index.php?rest_route=\/wp\/v2\/pages\/2"}],"collection":[{"href":"https:\/\/filderstadt-osteopathie.de\/index.php?rest_route=\/wp\/v2\/pages"}],"about":[{"href":"https:\/\/filderstadt-osteopathie.de\/index.php?rest_route=\/wp\/v2\/types\/page"}],"author":[{"embeddable":true,"href":"https:\/\/filderstadt-osteopathie.de\/index.php?rest_route=\/wp\/v2\/users\/1"}],"replies":[{"embeddable":true,"href":"https:\/\/filderstadt-osteopathie.de\/index.php?rest_route=%2Fwp%2Fv2%2Fcomments&post=2"}],"version-history":[{"count":80,"href":"https:\/\/filderstadt-osteopathie.de\/index.php?rest_route=\/wp\/v2\/pages\/2\/revisions"}],"predecessor-version":[{"id":127,"href":"https:\/\/filderstadt-osteopathie.de\/index.php?rest_route=\/wp\/v2\/pages\/2\/revisions\/127"}],"wp:attachment":[{"href":"https:\/\/filderstadt-osteopathie.de\/index.php?rest_route=%2Fwp%2Fv2%2Fmedia&parent=2"}],"curies":[{"name":"wp","href":"https:\/\/api.w.org\/{rel}","templated":true}]}}